{"id":41422,"date":"2024-01-05T13:42:37","date_gmt":"2024-01-05T18:42:37","guid":{"rendered":"https:\/\/zumos.co\/tequendama\/product\/criolla\/"},"modified":"2025-02-05T09:39:16","modified_gmt":"2025-02-05T14:39:16","slug":"criolla","status":"publish","type":"product","link":"https:\/\/zumos.co\/centro\/product\/criolla\/","title":{"rendered":"Criolla"},"content":{"rendered":"<p>Carne mechada (60g) ba\u00f1ada con guiso criollo, frijol caraota, tomate, maduro, ma\u00edz y monedas de pl\u00e1tano verde<\/p>\n","protected":false},"excerpt":{"rendered":"<p>Carne mechada (60g) ba\u00f1ada con guiso criollo, frijol caraota, tomate, maduro, ma\u00edz y monedas de pl\u00e1tano verde<\/p>\n","protected":false},"featured_media":41943,"template":"","meta":[],"product_brand":[],"product_cat":[148],"product_tag":[],"class_list":{"0":"post-41422","1":"product","2":"type-product","3":"status-publish","4":"has-post-thumbnail","6":"product_cat-ensalada","8":"first","9":"instock","10":"shipping-taxable","11":"purchasable","12":"product-type-simple"},"_links":{"self":[{"href":"https:\/\/zumos.co\/centro\/wp-json\/wp\/v2\/product\/41422","targetHints":{"allow":["GET"]}}],"collection":[{"href":"https:\/\/zumos.co\/centro\/wp-json\/wp\/v2\/product"}],"about":[{"href":"https:\/\/zumos.co\/centro\/wp-json\/wp\/v2\/types\/product"}],"wp:featuredmedia":[{"embeddable":true,"href":"https:\/\/zumos.co\/centro\/wp-json\/wp\/v2\/media\/41943"}],"wp:attachment":[{"href":"https:\/\/zumos.co\/centro\/wp-json\/wp\/v2\/media?parent=41422"}],"wp:term":[{"taxonomy":"product_brand","embeddable":true,"href":"https:\/\/zumos.co\/centro\/wp-json\/wp\/v2\/product_brand?post=41422"},{"taxonomy":"product_cat","embeddable":true,"href":"https:\/\/zumos.co\/centro\/wp-json\/wp\/v2\/product_cat?post=41422"},{"taxonomy":"product_tag","embeddable":true,"href":"https:\/\/zumos.co\/centro\/wp-json\/wp\/v2\/product_tag?post=41422"}],"curies":[{"name":"wp","href":"https:\/\/api.w.org\/{rel}","templated":true}]}}