{"id":41929,"date":"2025-02-04T18:46:40","date_gmt":"2025-02-04T23:46:40","guid":{"rendered":"https:\/\/zumos.co\/centro\/?post_type=product&#038;p=41929"},"modified":"2025-02-04T18:49:29","modified_gmt":"2025-02-04T23:49:29","slug":"omelet-clarita","status":"publish","type":"product","link":"https:\/\/zumos.co\/centro\/product\/omelet-clarita\/","title":{"rendered":"Omelet Clarita"},"content":{"rendered":"<p>Claras de Huevos, acompa\u00f1ado con una prote\u00edna a tu elecci\u00f3n<\/p>\n","protected":false},"excerpt":{"rendered":"<p>Claras de Huevos, acompa\u00f1ado con una prote\u00edna a tu elecci\u00f3n<\/p>\n","protected":false},"featured_media":0,"template":"","meta":[],"product_brand":[],"product_cat":[156],"product_tag":[],"class_list":{"0":"post-41929","1":"product","2":"type-product","3":"status-publish","5":"product_cat-desayunos-omelet","7":"first","8":"instock","9":"shipping-taxable","10":"purchasable","11":"product-type-variable"},"_links":{"self":[{"href":"https:\/\/zumos.co\/centro\/wp-json\/wp\/v2\/product\/41929","targetHints":{"allow":["GET"]}}],"collection":[{"href":"https:\/\/zumos.co\/centro\/wp-json\/wp\/v2\/product"}],"about":[{"href":"https:\/\/zumos.co\/centro\/wp-json\/wp\/v2\/types\/product"}],"wp:attachment":[{"href":"https:\/\/zumos.co\/centro\/wp-json\/wp\/v2\/media?parent=41929"}],"wp:term":[{"taxonomy":"product_brand","embeddable":true,"href":"https:\/\/zumos.co\/centro\/wp-json\/wp\/v2\/product_brand?post=41929"},{"taxonomy":"product_cat","embeddable":true,"href":"https:\/\/zumos.co\/centro\/wp-json\/wp\/v2\/product_cat?post=41929"},{"taxonomy":"product_tag","embeddable":true,"href":"https:\/\/zumos.co\/centro\/wp-json\/wp\/v2\/product_tag?post=41929"}],"curies":[{"name":"wp","href":"https:\/\/api.w.org\/{rel}","templated":true}]}}