{"id":41938,"date":"2025-02-05T09:25:22","date_gmt":"2025-02-05T14:25:22","guid":{"rendered":"https:\/\/zumos.co\/centro\/?post_type=product&#038;p=41938"},"modified":"2025-02-05T09:29:30","modified_gmt":"2025-02-05T14:29:30","slug":"noche-de-tamarindo","status":"publish","type":"product","link":"https:\/\/zumos.co\/centro\/product\/noche-de-tamarindo\/","title":{"rendered":"NOCHE DE TAMARINDO"},"content":{"rendered":"<p>Refrescante y energizante\u00a0 Infusi\u00f3n de tamarindo, caf\u00e9, lim\u00f3n y<br \/>\nlimoncillo.<\/p>\n","protected":false},"excerpt":{"rendered":"<p>Refrescante y energizante\u00a0 Infusi\u00f3n de tamarindo, caf\u00e9, lim\u00f3n y limoncillo.<\/p>\n","protected":false},"featured_media":41939,"template":"","meta":[],"product_brand":[],"product_cat":[159],"product_tag":[],"class_list":{"0":"post-41938","1":"product","2":"type-product","3":"status-publish","4":"has-post-thumbnail","6":"product_cat-sodas","8":"first","9":"instock","10":"shipping-taxable","11":"purchasable","12":"product-type-simple"},"_links":{"self":[{"href":"https:\/\/zumos.co\/centro\/wp-json\/wp\/v2\/product\/41938","targetHints":{"allow":["GET"]}}],"collection":[{"href":"https:\/\/zumos.co\/centro\/wp-json\/wp\/v2\/product"}],"about":[{"href":"https:\/\/zumos.co\/centro\/wp-json\/wp\/v2\/types\/product"}],"wp:featuredmedia":[{"embeddable":true,"href":"https:\/\/zumos.co\/centro\/wp-json\/wp\/v2\/media\/41939"}],"wp:attachment":[{"href":"https:\/\/zumos.co\/centro\/wp-json\/wp\/v2\/media?parent=41938"}],"wp:term":[{"taxonomy":"product_brand","embeddable":true,"href":"https:\/\/zumos.co\/centro\/wp-json\/wp\/v2\/product_brand?post=41938"},{"taxonomy":"product_cat","embeddable":true,"href":"https:\/\/zumos.co\/centro\/wp-json\/wp\/v2\/product_cat?post=41938"},{"taxonomy":"product_tag","embeddable":true,"href":"https:\/\/zumos.co\/centro\/wp-json\/wp\/v2\/product_tag?post=41938"}],"curies":[{"name":"wp","href":"https:\/\/api.w.org\/{rel}","templated":true}]}}