{"id":3,"date":"2023-04-11T16:34:36","date_gmt":"2023-04-11T21:34:36","guid":{"rendered":"http:\/\/pruebas.salchimonster.com\/?page_id=3"},"modified":"2023-05-21T18:15:19","modified_gmt":"2023-05-21T23:15:19","slug":"politicas-terminos","status":"publish","type":"page","link":"https:\/\/zumos.co\/tequendama\/politicas-terminos\/","title":{"rendered":"Pol\u00edticas y t\u00e9rminos"},"content":{"rendered":"\t\t<div data-elementor-type=\"wp-page\" data-elementor-id=\"3\" class=\"elementor elementor-3\" data-elementor-post-type=\"page\">\n\t\t\t\t\t\t\t\t\t<section class=\"elementor-section elementor-top-section elementor-element elementor-element-a483c43 elementor-section-boxed elementor-section-height-default elementor-section-height-default\" data-id=\"a483c43\" data-element_type=\"section\">\n\t\t\t\t\t\t<div class=\"elementor-container elementor-column-gap-default\">\n\t\t\t\t\t<div class=\"elementor-column elementor-col-100 elementor-top-column elementor-element elementor-element-5da07609\" data-id=\"5da07609\" data-element_type=\"column\">\n\t\t\t<div class=\"elementor-widget-wrap elementor-element-populated\">\n\t\t\t\t\t\t\t\t<div class=\"elementor-element elementor-element-2a05251 elementor-widget elementor-widget-heading\" data-id=\"2a05251\" data-element_type=\"widget\" data-widget_type=\"heading.default\">\n\t\t\t\t<div class=\"elementor-widget-container\">\n\t\t\t<style>\/*! elementor - v3.18.0 - 20-12-2023 *\/\n.elementor-heading-title{padding:0;margin:0;line-height:1}.elementor-widget-heading .elementor-heading-title[class*=elementor-size-]>a{color:inherit;font-size:inherit;line-height:inherit}.elementor-widget-heading .elementor-heading-title.elementor-size-small{font-size:15px}.elementor-widget-heading .elementor-heading-title.elementor-size-medium{font-size:19px}.elementor-widget-heading .elementor-heading-title.elementor-size-large{font-size:29px}.elementor-widget-heading .elementor-heading-title.elementor-size-xl{font-size:39px}.elementor-widget-heading .elementor-heading-title.elementor-size-xxl{font-size:59px}<\/style><h2 class=\"elementor-heading-title elementor-size-default\">Pol\u00edticas, t\u00e9rminos y condiciones<\/h2>\t\t<\/div>\n\t\t\t\t<\/div>\n\t\t\t\t<div class=\"elementor-element elementor-element-75df2a7e elementor-widget elementor-widget-text-editor\" data-id=\"75df2a7e\" data-element_type=\"widget\" data-widget_type=\"text-editor.default\">\n\t\t\t\t<div class=\"elementor-widget-container\">\n\t\t\t<style>\/*! elementor - v3.18.0 - 20-12-2023 *\/\n.elementor-widget-text-editor.elementor-drop-cap-view-stacked .elementor-drop-cap{background-color:#69727d;color:#fff}.elementor-widget-text-editor.elementor-drop-cap-view-framed .elementor-drop-cap{color:#69727d;border:3px solid;background-color:transparent}.elementor-widget-text-editor:not(.elementor-drop-cap-view-default) .elementor-drop-cap{margin-top:8px}.elementor-widget-text-editor:not(.elementor-drop-cap-view-default) .elementor-drop-cap-letter{width:1em;height:1em}.elementor-widget-text-editor .elementor-drop-cap{float:left;text-align:center;line-height:1;font-size:50px}.elementor-widget-text-editor .elementor-drop-cap-letter{display:inline-block}<\/style>\t\t\t\t<p><strong>Politicas de devoluciones:<\/strong><br>En La Ensalader\u00eda, nos esforzamos por garantizar la satisfacci\u00f3n de nuestros clientes en cada pedido. Queremos asegurarnos de que disfrutes de nuestros productos. Por tanto, te informamos que, seg\u00fan nuestros t\u00e9rminos y condiciones, no ofrecemos devoluciones de dinero en caso de que desees devolver un producto. Sin embargo, nos complace ofrecerte la opci\u00f3n de cambio de producto. Si por alguna raz\u00f3n no est\u00e1s satisfecho con tu elecci\u00f3n, estaremos encantados de sustituirlo por otro art\u00edculo del mismo valor de nuestro men\u00fa. Para ello, te invitamos a comunicarte con nuestro equipo de atenci\u00f3n al cliente dentro de un plazo determinado desde la fecha de entrega para coordinar el cambio. Agradecemos tu comprensi\u00f3n y estamos comprometidos en brindarte la mejor experiencia en La Ensalader\u00eda.<\/p>\t\t\t\t\t\t<\/div>\n\t\t\t\t<\/div>\n\t\t\t\t\t<\/div>\n\t\t<\/div>\n\t\t\t\t\t\t\t<\/div>\n\t\t<\/section>\n\t\t\t\t<section class=\"elementor-section elementor-top-section elementor-element elementor-element-a75719a elementor-section-boxed elementor-section-height-default elementor-section-height-default\" data-id=\"a75719a\" data-element_type=\"section\">\n\t\t\t\t\t\t<div class=\"elementor-container elementor-column-gap-default\">\n\t\t\t\t\t<div class=\"elementor-column elementor-col-100 elementor-top-column elementor-element elementor-element-abd5559\" data-id=\"abd5559\" data-element_type=\"column\">\n\t\t\t<div class=\"elementor-widget-wrap elementor-element-populated\">\n\t\t\t\t\t\t\t\t<div class=\"elementor-element elementor-element-cb1c658 elementor-widget elementor-widget-text-editor\" data-id=\"cb1c658\" data-element_type=\"widget\" data-widget_type=\"text-editor.default\">\n\t\t\t\t<div class=\"elementor-widget-container\">\n\t\t\t\t\t\t\t<p><strong>Politicas de env\u00edos y tiempo:<\/strong><\/p>\n<p>En La Ensalader\u00eda, nos esforzamos por brindarte un servicio eficiente y una entrega r\u00e1pida de nuestros productos frescos. Nuestro compromiso es realizar las entregas en un tiempo estimado de 40 a 60 minutos desde el momento en que realizas tu pedido. Sin embargo, es importante tener en cuenta que este plazo puede verse afectado por factores externos como el tr\u00e1fico, condiciones clim\u00e1ticas o situaciones imprevistas.<\/p>\n<p>Hacemos todo lo posible por cumplir con el tiempo de entrega prometido y trabajamos con un equipo dedicado para asegurar que tus productos lleguen a tiempo y en perfectas condiciones.<\/p>\t\t\t\t\t\t<\/div>\n\t\t\t\t<\/div>\n\t\t\t\t\t<\/div>\n\t\t<\/div>\n\t\t\t\t\t\t\t<\/div>\n\t\t<\/section>\n\t\t\t\t<section class=\"elementor-section elementor-top-section elementor-element elementor-element-ff7635a elementor-section-boxed elementor-section-height-default elementor-section-height-default\" data-id=\"ff7635a\" data-element_type=\"section\">\n\t\t\t\t\t\t<div class=\"elementor-container elementor-column-gap-default\">\n\t\t\t\t\t<div class=\"elementor-column elementor-col-100 elementor-top-column elementor-element elementor-element-5058aeb\" data-id=\"5058aeb\" data-element_type=\"column\">\n\t\t\t<div class=\"elementor-widget-wrap elementor-element-populated\">\n\t\t\t\t\t\t\t\t<div class=\"elementor-element elementor-element-5fd86fe elementor-widget elementor-widget-text-editor\" data-id=\"5fd86fe\" data-element_type=\"widget\" data-widget_type=\"text-editor.default\">\n\t\t\t\t<div class=\"elementor-widget-container\">\n\t\t\t\t\t\t\t<p><strong>Politicas de pagos:<\/strong><\/p>\n<p>En La Ensalader\u00eda, ofrecemos varias opciones de pago para brindarte comodidad al realizar tu pedido. Sin embargo, es importante tener en cuenta que debido a los tiempos de procesamiento de los pagos realizados desde diferentes entidades bancarias, hemos establecido ciertas restricciones en cuanto a las transferencias aceptadas para garantizar una entrega oportuna de tus productos.<\/p>\n<p>Actualmente, solo aceptamos transferencias desde cuentas de Bancolombia y Nequi a una cuenta de Bancolombia. Esto se debe a que los pagos realizados desde estas entidades se reflejan de manera inmediata en nuestra cuenta, lo que nos permite procesar y despachar tu pedido de forma eficiente.<\/p>\n<p>Ten en cuenta que si realizas una transferencia desde otro banco distinto a Bancolombia o Nequi, el tiempo de reflejo del pago puede demorar hasta el d\u00eda siguiente. Por lo tanto, no podremos despachar tu pedido hasta que hayamos confirmado la recepci\u00f3n del pago en nuestra cuenta.<\/p>\n<p>Lamentamos cualquier inconveniente que esto pueda ocasionar y te recomendamos utilizar la opci\u00f3n de transferencia desde Bancolombia o Nequi para agilizar el proceso de pago y entrega de tu pedido. Si tienes alguna pregunta o necesitas m\u00e1s informaci\u00f3n sobre las opciones de pago disponibles, no dudes en contactarnos a trav\u00e9s de nuestros canales de atenci\u00f3n al cliente.<\/p>\t\t\t\t\t\t<\/div>\n\t\t\t\t<\/div>\n\t\t\t\t\t<\/div>\n\t\t<\/div>\n\t\t\t\t\t\t\t<\/div>\n\t\t<\/section>\n\t\t\t\t\t\t\t<\/div>\n\t\t","protected":false},"excerpt":{"rendered":"<p>Pol\u00edticas, t\u00e9rminos y condiciones Politicas de devoluciones:En La Ensalader\u00eda, nos esforzamos por garantizar la satisfacci\u00f3n de nuestros clientes en cada pedido. Queremos asegurarnos de que disfrutes de nuestros productos. Por tanto, te informamos que, seg\u00fan nuestros t\u00e9rminos y condiciones, no ofrecemos devoluciones de dinero en caso de que desees devolver un producto. Sin embargo, nos [&#8230;]\n","protected":false},"author":1,"featured_media":0,"parent":0,"menu_order":0,"comment_status":"closed","ping_status":"closed","template":"","meta":{"footnotes":""},"_links":{"self":[{"href":"https:\/\/zumos.co\/tequendama\/wp-json\/wp\/v2\/pages\/3"}],"collection":[{"href":"https:\/\/zumos.co\/tequendama\/wp-json\/wp\/v2\/pages"}],"about":[{"href":"https:\/\/zumos.co\/tequendama\/wp-json\/wp\/v2\/types\/page"}],"author":[{"embeddable":true,"href":"https:\/\/zumos.co\/tequendama\/wp-json\/wp\/v2\/users\/1"}],"replies":[{"embeddable":true,"href":"https:\/\/zumos.co\/tequendama\/wp-json\/wp\/v2\/comments?post=3"}],"version-history":[{"count":15,"href":"https:\/\/zumos.co\/tequendama\/wp-json\/wp\/v2\/pages\/3\/revisions"}],"predecessor-version":[{"id":31994,"href":"https:\/\/zumos.co\/tequendama\/wp-json\/wp\/v2\/pages\/3\/revisions\/31994"}],"wp:attachment":[{"href":"https:\/\/zumos.co\/tequendama\/wp-json\/wp\/v2\/media?parent=3"}],"curies":[{"name":"wp","href":"https:\/\/api.w.org\/{rel}","templated":true}]}}