{"id":41419,"date":"2024-01-05T13:42:37","date_gmt":"2024-01-05T18:42:37","guid":{"rendered":"https:\/\/zumos.co\/tequendama\/product\/fusion\/"},"modified":"2026-02-01T22:28:04","modified_gmt":"2026-02-02T03:28:04","slug":"fusion","status":"publish","type":"product","link":"https:\/\/zumos.co\/tequendama\/product\/fusion\/","title":{"rendered":"Fusi\u00f3n"},"content":{"rendered":"<p>Tocineta ( 60g), Jam\u00f3n de pavo( 20 g), Jam\u00f3n de cordero (20g), queso mozzarella, tomate, maicitos, guacamole y salteado de almendras<\/p>\n","protected":false},"excerpt":{"rendered":"<p>Tocineta ( 60g), Jam\u00f3n de pavo( 20 g), Jam\u00f3n de cordero (20g), queso mozzarella, tomate, maicitos, guacamole y salteado de almendras<\/p>\n","protected":false},"featured_media":41780,"template":"","meta":[],"product_cat":[148],"product_tag":[],"_links":{"self":[{"href":"https:\/\/zumos.co\/tequendama\/wp-json\/wp\/v2\/product\/41419"}],"collection":[{"href":"https:\/\/zumos.co\/tequendama\/wp-json\/wp\/v2\/product"}],"about":[{"href":"https:\/\/zumos.co\/tequendama\/wp-json\/wp\/v2\/types\/product"}],"wp:featuredmedia":[{"embeddable":true,"href":"https:\/\/zumos.co\/tequendama\/wp-json\/wp\/v2\/media\/41780"}],"wp:attachment":[{"href":"https:\/\/zumos.co\/tequendama\/wp-json\/wp\/v2\/media?parent=41419"}],"wp:term":[{"taxonomy":"product_cat","embeddable":true,"href":"https:\/\/zumos.co\/tequendama\/wp-json\/wp\/v2\/product_cat?post=41419"},{"taxonomy":"product_tag","embeddable":true,"href":"https:\/\/zumos.co\/tequendama\/wp-json\/wp\/v2\/product_tag?post=41419"}],"curies":[{"name":"wp","href":"https:\/\/api.w.org\/{rel}","templated":true}]}}