{"id":41422,"date":"2024-01-05T13:42:37","date_gmt":"2024-01-05T18:42:37","guid":{"rendered":"https:\/\/zumos.co\/tequendama\/product\/criolla\/"},"modified":"2026-02-01T22:28:28","modified_gmt":"2026-02-02T03:28:28","slug":"criolla","status":"publish","type":"product","link":"https:\/\/zumos.co\/tequendama\/product\/criolla\/","title":{"rendered":"Criolla"},"content":{"rendered":"<p>Carne mechada (60g) ba\u00f1ada con guiso criollo, frijol caraota, tomate, maduro, ma\u00edz y monedas de pl\u00e1tano verde<\/p>\n","protected":false},"excerpt":{"rendered":"<p>Carne mechada (60g) ba\u00f1ada con guiso criollo, frijol caraota, tomate, maduro, ma\u00edz y monedas de pl\u00e1tano verde<\/p>\n","protected":false},"featured_media":41784,"template":"","meta":[],"product_cat":[148],"product_tag":[],"_links":{"self":[{"href":"https:\/\/zumos.co\/tequendama\/wp-json\/wp\/v2\/product\/41422"}],"collection":[{"href":"https:\/\/zumos.co\/tequendama\/wp-json\/wp\/v2\/product"}],"about":[{"href":"https:\/\/zumos.co\/tequendama\/wp-json\/wp\/v2\/types\/product"}],"wp:featuredmedia":[{"embeddable":true,"href":"https:\/\/zumos.co\/tequendama\/wp-json\/wp\/v2\/media\/41784"}],"wp:attachment":[{"href":"https:\/\/zumos.co\/tequendama\/wp-json\/wp\/v2\/media?parent=41422"}],"wp:term":[{"taxonomy":"product_cat","embeddable":true,"href":"https:\/\/zumos.co\/tequendama\/wp-json\/wp\/v2\/product_cat?post=41422"},{"taxonomy":"product_tag","embeddable":true,"href":"https:\/\/zumos.co\/tequendama\/wp-json\/wp\/v2\/product_tag?post=41422"}],"curies":[{"name":"wp","href":"https:\/\/api.w.org\/{rel}","templated":true}]}}