{"id":41424,"date":"2024-01-05T13:42:37","date_gmt":"2024-01-05T18:42:37","guid":{"rendered":"https:\/\/zumos.co\/tequendama\/product\/vegetariana\/"},"modified":"2026-02-01T22:29:14","modified_gmt":"2026-02-02T03:29:14","slug":"vegetariana","status":"publish","type":"product","link":"https:\/\/zumos.co\/tequendama\/product\/vegetariana\/","title":{"rendered":"Vegetariana"},"content":{"rendered":"<p>Jugosos champig\u00f1ones salteados con cebolla asada y albahaca, frijol caraota, falafel, acompa\u00f1ados de tomate, ma\u00edz tierno, espinaca y crotones<\/p>\n","protected":false},"excerpt":{"rendered":"<p>Jugosos champig\u00f1ones salteados con cebolla asada y albahaca, frijol caraota, falafel, acompa\u00f1ados de tomate, ma\u00edz tierno, espinaca y crotones<\/p>\n","protected":false},"featured_media":41783,"template":"","meta":[],"product_cat":[148],"product_tag":[],"_links":{"self":[{"href":"https:\/\/zumos.co\/tequendama\/wp-json\/wp\/v2\/product\/41424"}],"collection":[{"href":"https:\/\/zumos.co\/tequendama\/wp-json\/wp\/v2\/product"}],"about":[{"href":"https:\/\/zumos.co\/tequendama\/wp-json\/wp\/v2\/types\/product"}],"wp:featuredmedia":[{"embeddable":true,"href":"https:\/\/zumos.co\/tequendama\/wp-json\/wp\/v2\/media\/41783"}],"wp:attachment":[{"href":"https:\/\/zumos.co\/tequendama\/wp-json\/wp\/v2\/media?parent=41424"}],"wp:term":[{"taxonomy":"product_cat","embeddable":true,"href":"https:\/\/zumos.co\/tequendama\/wp-json\/wp\/v2\/product_cat?post=41424"},{"taxonomy":"product_tag","embeddable":true,"href":"https:\/\/zumos.co\/tequendama\/wp-json\/wp\/v2\/product_tag?post=41424"}],"curies":[{"name":"wp","href":"https:\/\/api.w.org\/{rel}","templated":true}]}}