{"id":41425,"date":"2024-01-05T13:42:37","date_gmt":"2024-01-05T18:42:37","guid":{"rendered":"https:\/\/zumos.co\/tequendama\/product\/tropical\/"},"modified":"2026-02-01T22:29:23","modified_gmt":"2026-02-02T03:29:23","slug":"tropical","status":"publish","type":"product","link":"https:\/\/zumos.co\/tequendama\/product\/tropical\/","title":{"rendered":"Tropical"},"content":{"rendered":"<p>Anillos de Jam\u00f3n ahumado y queso mozzarella, pi\u00f1a en alm\u00edbar, manzana verde, salteado de almendras y parmesano<\/p>\n","protected":false},"excerpt":{"rendered":"<p>Anillos de Jam\u00f3n ahumado y queso mozzarella, pi\u00f1a en alm\u00edbar, manzana verde, salteado de almendras y parmesano<\/p>\n","protected":false},"featured_media":41637,"template":"","meta":[],"product_cat":[148],"product_tag":[],"_links":{"self":[{"href":"https:\/\/zumos.co\/tequendama\/wp-json\/wp\/v2\/product\/41425"}],"collection":[{"href":"https:\/\/zumos.co\/tequendama\/wp-json\/wp\/v2\/product"}],"about":[{"href":"https:\/\/zumos.co\/tequendama\/wp-json\/wp\/v2\/types\/product"}],"wp:featuredmedia":[{"embeddable":true,"href":"https:\/\/zumos.co\/tequendama\/wp-json\/wp\/v2\/media\/41637"}],"wp:attachment":[{"href":"https:\/\/zumos.co\/tequendama\/wp-json\/wp\/v2\/media?parent=41425"}],"wp:term":[{"taxonomy":"product_cat","embeddable":true,"href":"https:\/\/zumos.co\/tequendama\/wp-json\/wp\/v2\/product_cat?post=41425"},{"taxonomy":"product_tag","embeddable":true,"href":"https:\/\/zumos.co\/tequendama\/wp-json\/wp\/v2\/product_tag?post=41425"}],"curies":[{"name":"wp","href":"https:\/\/api.w.org\/{rel}","templated":true}]}}