{"id":41449,"date":"2024-01-05T13:42:43","date_gmt":"2024-01-05T18:42:43","guid":{"rendered":"https:\/\/zumos.co\/tequendama\/product\/sensacion-frutal\/"},"modified":"2026-02-01T22:35:20","modified_gmt":"2026-02-02T03:35:20","slug":"sensacion-frutal","status":"publish","type":"product","link":"https:\/\/zumos.co\/tequendama\/product\/sensacion-frutal\/","title":{"rendered":"Sensaci\u00f3n Frutal"},"content":{"rendered":"<p>pi\u00f1a, mango y fresas en alm\u00edbar<\/p>\n","protected":false},"excerpt":{"rendered":"<p>pi\u00f1a, mango y fresas en alm\u00edbar<\/p>\n","protected":false},"featured_media":41332,"template":"","meta":[],"product_cat":[151],"product_tag":[],"_links":{"self":[{"href":"https:\/\/zumos.co\/tequendama\/wp-json\/wp\/v2\/product\/41449"}],"collection":[{"href":"https:\/\/zumos.co\/tequendama\/wp-json\/wp\/v2\/product"}],"about":[{"href":"https:\/\/zumos.co\/tequendama\/wp-json\/wp\/v2\/types\/product"}],"wp:featuredmedia":[{"embeddable":true,"href":"https:\/\/zumos.co\/tequendama\/wp-json\/wp\/v2\/media\/41332"}],"wp:attachment":[{"href":"https:\/\/zumos.co\/tequendama\/wp-json\/wp\/v2\/media?parent=41449"}],"wp:term":[{"taxonomy":"product_cat","embeddable":true,"href":"https:\/\/zumos.co\/tequendama\/wp-json\/wp\/v2\/product_cat?post=41449"},{"taxonomy":"product_tag","embeddable":true,"href":"https:\/\/zumos.co\/tequendama\/wp-json\/wp\/v2\/product_tag?post=41449"}],"curies":[{"name":"wp","href":"https:\/\/api.w.org\/{rel}","templated":true}]}}